{"id":1368,"date":"2025-11-21T11:32:32","date_gmt":"2025-11-21T10:32:32","guid":{"rendered":"https:\/\/www.primus.be\/?page_id=1368"},"modified":"2025-11-21T11:47:35","modified_gmt":"2025-11-21T10:47:35","slug":"disclaimer","status":"publish","type":"page","link":"https:\/\/www.primus.be\/fr\/disclaimer\/","title":{"rendered":"Disclaimer"},"content":{"rendered":"<!--\n    Title: Hero\n-->\n\n\n<section class=\"gc-hero\">\n    <!--\n    Title: Container\n    Mode: preview\n    SupportsJSX: true\n    Blueprint: false\n-->\n\n\n<div class=\"gc-container  gc-hero__container\">\n    <div class=\"gc-breadcrumbs gc-hero__breadcrumbs\">\n    <nav aria-label=\"breadcrumbs\" class=\"rank-math-breadcrumb\"><p><span class=\"last\">Home<\/span><\/p><\/nav><\/div>\n        \n        <div class=\"gc-hero__wrapper\">\n            <div class=\"gc-hero__inner-wrapper\">\n                <h1 class=\"gc-hero__title\">\n                    Clause de non-responsabilit\u00e9\n                <\/h1>\n                <div class=\"gc-hero__content fs-text-big\">\n                    <p>En acc\u00e9dant \u00e0 ce site web et en l&#8217;utilisant, vous acceptez les termes et conditions ci-dessous.<\/p>\n\n                <\/div>\n                            <\/div>\n                    <\/div>\n<\/div>\n<\/section>\n\n\n<!--\n    Title: Spacer\n    Blueprint: false\n-->\n\n<div class=\"gc-spacer\" style=\"--desktop-height: 15px; --mobile-height: 15px;\"><\/div>\n\n\n<!--\n    Title: Container\n    Mode: preview\n    SupportsJSX: true\n    Blueprint: false\n-->\n\n\n<div class=\"gc-container\">\n    <div class=\"acf-innerblocks-container\">\n\n<h3 class=\"wp-block-heading\"><strong>L&#8217;entreprise<\/strong><\/h3>\n\n\n\n<p>Ce site web est la propri\u00e9t\u00e9 de CO.BR.HA. SA, dont le si\u00e8ge social est situ\u00e9 \u00e0 3190 Boortmeerbeek, Provinciesteenweg 28 et dont le num\u00e9ro d&#8217;entreprise est 0403.567.015.<\/p>\n\n\n\n<h3 class=\"wp-block-heading\"><strong>Utiliser le site web<\/strong><\/h3>\n\n\n\n<p>CO.BR.HA. SA ne peut \u00eatre tenue responsable des dommages r\u00e9sultant de la consultation ou de l&#8217;utilisation du contenu ou des publications de ce site web, ni des dommages r\u00e9sultant de l&#8217;acc\u00e8s et de l&#8217;utilisation des services interactifs.<\/p>\n\n\n\n<h3 class=\"wp-block-heading\"><strong>Informations sur le site web<\/strong><\/h3>\n\n\n\n<p>Les informations figurant sur le site web sont de nature g\u00e9n\u00e9rale. Elles ne sont pas adapt\u00e9es \u00e0 des circonstances personnelles ou sp\u00e9cifiques et ne peuvent donc pas \u00eatre consid\u00e9r\u00e9es comme des conseils personnels, professionnels ou juridiques \u00e0 l&#8217;intention de l&#8217;utilisateur\/visiteur.<\/p>\n\n\n\n<p>CO.BR.HA. SA s&#8217;efforce de mettre \u00e0 jour les informations disponibles sur le site web. Toutefois, CO.BR.HA. SA ne donne aucune garantie quant \u00e0 l&#8217;exactitude, l&#8217;actualit\u00e9, la pr\u00e9cision, l&#8217;exhaustivit\u00e9, l&#8217;ad\u00e9quation \u00e0 un usage particulier ou la validit\u00e9 du contenu et des publications de ce site web.<\/p>\n\n\n\n<h3 class=\"wp-block-heading\"><strong>Propri\u00e9t\u00e9 intellectuelle<\/strong><\/h3>\n\n\n\n<p>Le site web contient des textes, des images, des donn\u00e9es, des bases de donn\u00e9es, des logiciels, des noms, des noms commerciaux et de domaine, des marques, des logos appartenant \u00e0 CO.BR.HA.SA et\/ou \u00e0 des tiers.<\/p>\n\n\n\n<p>Il est donc interdit de distribuer, modifier, publier, vendre ou transf\u00e9rer \u00e0 des tiers tout ou partie des informations fournies sur et par l&#8217;interm\u00e9diaire de ce site web sans l&#8217;accord \u00e9crit pr\u00e9alable de CO.BR.HA.SA.<\/p>\n\n\n\n<p>Il est \u00e9galement interdit de cr\u00e9er un lien vers ce site web \u00e0 partir d&#8217;autres sites au moyen d&#8217;un hyperlien, d&#8217;un lien profond, d&#8217;un lien encadr\u00e9, d&#8217;un lien interne ou d&#8217;autres techniques similaires sans l&#8217;autorisation pr\u00e9alable de CO.BR.HA. SA.<\/p>\n\n\n\n<p>Rien sur ce site n&#8217;est destin\u00e9 \u00e0 vous accorder ou \u00e0 vous transf\u00e9rer des droits de propri\u00e9t\u00e9 intellectuelle.<\/p>\n\n\n\n<h3 class=\"wp-block-heading\"><strong>T\u00e9l\u00e9charger<\/strong><\/h3>\n\n\n\n<p>Le t\u00e9l\u00e9chargement de fichiers \u00e0 partir de ce site web se fait toujours \u00e0 vos propres risques. Bien que les serveurs de CO.BR.HA. SA soient prot\u00e9g\u00e9s par un logiciel antivirus, CO.BR.HA. SA ne peut \u00eatre tenue responsable des dommages qui pourraient r\u00e9sulter du t\u00e9l\u00e9chargement, de l&#8217;installation ou du stockage d&#8217;un virus ou d&#8217;un autre logiciel malveillant qui n&#8217;aurait pas \u00e9t\u00e9 d\u00e9tect\u00e9 par le logiciel antivirus.<\/p>\n\n\n\n<h3 class=\"wp-block-heading\"><strong>R\u00e9f\u00e9rences et liens vers d&#8217;autres sites web<\/strong><\/h3>\n\n\n\n<p>Le site web peut contenir des r\u00e9f\u00e9rences et\/ou des liens vers un ou plusieurs sites web de tiers, et les sites web de tiers peuvent contenir des r\u00e9f\u00e9rences et\/ou des liens vers le site web. Les r\u00e9f\u00e9rences et\/ou liens vers d&#8217;autres sites web sont uniquement destin\u00e9s \u00e0 faciliter l&#8217;utilisation du site web. CO.BR.HA. SA n&#8217;est en aucun cas responsable du contenu de ces autres sites web ou de toute cons\u00e9quence r\u00e9sultant de la visite, de la consultation et\/ou de l&#8217;utilisation de ces sites web. Le fait que des tiers mentionnent des r\u00e9f\u00e9rences et\/ou des liens sur leur site web ne signifie en aucun cas que CO.BR.HA. SA approuve le contenu de ces sites web. En outre, CO.BR.HA. SA n&#8217;est en aucun cas responsable des r\u00e9f\u00e9rences et\/ou des liens vers le site web inclus sur d&#8217;autres sites web.<\/p>\n\n\n\n<h3 class=\"wp-block-heading\"><strong>Vie priv\u00e9e et traitement des donn\u00e9es personnelles<\/strong><\/h3>\n\n\n\n<p>De plus amples informations sur la protection de la vie priv\u00e9e et le traitement des donn\u00e9es \u00e0 caract\u00e8re personnel sont disponibles dans la <a href=\"https:\/\/www.primus.be\/fr\/politique-de-confidentialite\/\" data-type=\"page\" data-id=\"1209\">d\u00e9claration de confidentialit\u00e9<\/a>.<\/p>\n\n\n\n<h3 class=\"wp-block-heading\"><strong>Responsabilit\u00e9<\/strong><\/h3>\n\n\n\n<p>CO.BR.HA. SA n&#8217;est en aucun cas responsable des dommages, co\u00fbts, cons\u00e9quences et r\u00e9clamations (y compris les r\u00e9clamations de tiers et tous les dommages, co\u00fbts et cons\u00e9quences y aff\u00e9rents) r\u00e9sultant directement ou indirectement de l&#8217;utilisation du site web et\/ou des services, ou de l&#8217;impossibilit\u00e9 (temporaire) d&#8217;utiliser le site web.<\/p>\n\n\n\n<p>Si et dans la mesure o\u00f9 CO.BR.HA. SA doit n\u00e9anmoins \u00eatre responsable de quelque mani\u00e8re que ce soit, la responsabilit\u00e9 de CO.BR.HA. SA pour les dommages indirects est exclue dans tous les cas. Par dommages indirects, on entend les dommages cons\u00e9cutifs et\/ou les pertes commerciales, la perte de chiffre d&#8217;affaires, le manque \u00e0 gagner et la perte de fonds de commerce. Toute responsabilit\u00e9 \u00e9ventuelle de CO.BR.HA. SA est en outre limit\u00e9e \u00e0 un montant maximum de 2 500 euros par \u00e9v\u00e9nement et \u00e0 un maximum de 5 000 euros par ann\u00e9e civile.<\/p>\n\n\n\n<h3 class=\"wp-block-heading\"><strong>Modification de la pr\u00e9sente clause de non-responsabilit\u00e9<\/strong><\/h3>\n\n\n\n<p>CO.BR.HA. SA a le droit de modifier cette clause de non-responsabilit\u00e9 \u00e0 tout moment. Toute modification de la clause de non-responsabilit\u00e9 sera annonc\u00e9e sur ce site web. La clause de non-responsabilit\u00e9 la plus r\u00e9cente peut \u00eatre consult\u00e9e \u00e0 tout moment sur le site web.<\/p>\n\n\n\n<h3 class=\"wp-block-heading\"><strong>Nullit\u00e9<\/strong><\/h3>\n\n\n\n<p>Si une disposition de la pr\u00e9sente clause de non-responsabilit\u00e9 est en tout ou en partie nulle, annulable ou contraire \u00e0 la loi, elle sera consid\u00e9r\u00e9e comme isol\u00e9e et non applicable. Dans ce cas, CO.BR.HA. SA remplacera la disposition en question par une disposition similaire qui n&#8217;est pas totalement ou partiellement nulle, annulable ou contraire \u00e0 la loi. Les autres dispositions de la clause de non-responsabilit\u00e9 resteront pleinement en vigueur.<\/p>\n\n\n\n<h3 class=\"wp-block-heading\"><strong>Droit applicable et r\u00e8glement des litiges<\/strong><\/h3>\n\n\n\n<p>Le contenu, les publications et les services offerts par CO.BR.HA. SA via ce site web sont soumis au droit belge. En cas de litige concernant l&#8217;interpr\u00e9tation de cette clause de non-responsabilit\u00e9 ou du site web, les tribunaux de Louvain sont exclusivement comp\u00e9tents.<\/p>\n\n<\/div>\n<\/div>\n\n\n<!--\n    Title: Spacer\n    Blueprint: false\n-->\n\n<div class=\"gc-spacer\" style=\"--desktop-height: 15px; --mobile-height: 15px;\"><\/div>\n","protected":false},"excerpt":{"rendered":"","protected":false},"author":1,"featured_media":0,"parent":0,"menu_order":0,"comment_status":"closed","ping_status":"closed","template":"","meta":{"_acf_changed":false,"footnotes":""},"class_list":["post-1368","page","type-page","status-publish","hentry"],"acf":[],"_links":{"self":[{"href":"https:\/\/www.primus.be\/fr\/wp-json\/wp\/v2\/pages\/1368","targetHints":{"allow":["GET"]}}],"collection":[{"href":"https:\/\/www.primus.be\/fr\/wp-json\/wp\/v2\/pages"}],"about":[{"href":"https:\/\/www.primus.be\/fr\/wp-json\/wp\/v2\/types\/page"}],"author":[{"embeddable":true,"href":"https:\/\/www.primus.be\/fr\/wp-json\/wp\/v2\/users\/1"}],"replies":[{"embeddable":true,"href":"https:\/\/www.primus.be\/fr\/wp-json\/wp\/v2\/comments?post=1368"}],"version-history":[{"count":1,"href":"https:\/\/www.primus.be\/fr\/wp-json\/wp\/v2\/pages\/1368\/revisions"}],"predecessor-version":[{"id":1369,"href":"https:\/\/www.primus.be\/fr\/wp-json\/wp\/v2\/pages\/1368\/revisions\/1369"}],"wp:attachment":[{"href":"https:\/\/www.primus.be\/fr\/wp-json\/wp\/v2\/media?parent=1368"}],"curies":[{"name":"wp","href":"https:\/\/api.w.org\/{rel}","templated":true}]}}